{"id":881,"date":"2020-01-14T17:09:34","date_gmt":"2020-01-14T23:09:34","guid":{"rendered":"http:\/\/54.190.171.45\/?page_id=881"},"modified":"2021-06-17T12:06:09","modified_gmt":"2021-06-17T17:06:09","slug":"vendes-una-propiedad","status":"publish","type":"page","link":"https:\/\/vidaenyucatan.com\/en\/vendes-una-propiedad\/","title":{"rendered":"\u00bfVendes una propiedad?"},"content":{"rendered":"<h2 class=\"wp-block-heading\">We can help promote your property<\/h2>\n\n\n\n<p>Ofrecemos una p\u00e1gina personalizada para cada inmueble, propiedad o desarrollo que se promueve con nosotros. <a href=\"https:\/\/vidaenyucatan.com\/en\/2020\/01\/aldea-dzitya\/\" class=\"rank-math-link\">Ejemplo<\/a><\/p>\n\n\n\n<h3 class=\"wp-block-heading\"><strong>Campa\u00f1a Profesional<\/strong><\/h3>\n\n\n\n<p>Caracter\u00edsticas:<\/p>\n\n\n\n<ul class=\"wp-block-list\"><li>Se requiere un copy de ventas de al menos 500 palabras.<\/li><li>Se requiere al menos 3 fotos y 1 enlace a p\u00e1gina web o redes sociales.<\/li><li>Se puede agregar 1 mapa para ubicar la propiedad.<\/li><li>Se puede agregar 1 video con link de Youtube y Facebook.<\/li><li>El inmueble tambi\u00e9n aparece como parte de nuestros art\u00edculos en redes sociales.<\/li><li>Promocionamos el inmueble en nuestro Facebook y por medio de Google hasta 10 mil impresiones.<\/li><\/ul>\n\n\n\n<p class=\"has-text-align-right\"><\/p>\n\n\n\n<hr class=\"wp-block-separator\"\/>\n\n\n\n<h3 class=\"wp-block-heading\"><strong>Servicios que puedes contratar adicional<\/strong><\/h3>\n\n\n\n<hr class=\"wp-block-separator\"\/>\n\n\n\n<p><strong>Producci\u00f3n de video infomercial con entrevista y presentaci\u00f3n del inmueble. <\/strong><\/p>\n\n\n\n<p><\/p>\n\n\n\n<hr class=\"wp-block-separator\"\/>\n\n\n\n<p><strong>Publicidad al listado del inmueble en nuestro sitio, Facebook @vidaenyucatan y Google SEM<\/strong>.<\/p>\n\n\n\n<p><\/p>\n\n\n\n<hr class=\"wp-block-separator\"\/>\n\n\n\n<h3 class=\"wp-block-heading\">Cont\u00e1ctanos ahora<\/h3>\n\n\n\n<div class=\"ml-form-embed\" data-account=\"2339831:a5z3j9s2b2\" data-form=\"4226554:w1r1a4\">\n<\/div>\n\n\n\n<p><\/p>","protected":false},"excerpt":{"rendered":"<p>Nosotros podemos ayudar a promover tu inmueble Ofrecemos una p\u00e1gina personalizada para cada inmueble, propiedad o desarrollo que se promueve con nosotros. Ejemplo Campa\u00f1a Profesional Caracter\u00edsticas: Se requiere un copy de ventas de al menos 500 palabras. Se requiere al menos 3 fotos y 1 enlace a p\u00e1gina web o redes sociales. Se puede agregar [&hellip;]<\/p>","protected":false},"author":1,"featured_media":0,"parent":0,"menu_order":0,"comment_status":"closed","ping_status":"closed","template":"","meta":{"footnotes":""},"class_list":["post-881","page","type-page","status-publish"],"amp_enabled":true,"_links":{"self":[{"href":"https:\/\/vidaenyucatan.com\/en\/wp-json\/wp\/v2\/pages\/881","targetHints":{"allow":["GET"]}}],"collection":[{"href":"https:\/\/vidaenyucatan.com\/en\/wp-json\/wp\/v2\/pages"}],"about":[{"href":"https:\/\/vidaenyucatan.com\/en\/wp-json\/wp\/v2\/types\/page"}],"author":[{"embeddable":true,"href":"https:\/\/vidaenyucatan.com\/en\/wp-json\/wp\/v2\/users\/1"}],"replies":[{"embeddable":true,"href":"https:\/\/vidaenyucatan.com\/en\/wp-json\/wp\/v2\/comments?post=881"}],"version-history":[{"count":16,"href":"https:\/\/vidaenyucatan.com\/en\/wp-json\/wp\/v2\/pages\/881\/revisions"}],"predecessor-version":[{"id":2248,"href":"https:\/\/vidaenyucatan.com\/en\/wp-json\/wp\/v2\/pages\/881\/revisions\/2248"}],"wp:attachment":[{"href":"https:\/\/vidaenyucatan.com\/en\/wp-json\/wp\/v2\/media?parent=881"}],"curies":[{"name":"wp","href":"https:\/\/api.w.org\/{rel}","templated":true}]}}